{"id":1484,"date":"2023-08-10T20:51:14","date_gmt":"2023-08-11T00:51:14","guid":{"rendered":"https:\/\/gnucksquad.com\/?page_id=1484"},"modified":"2024-09-02T21:11:44","modified_gmt":"2024-09-03T01:11:44","slug":"location-dequipement-declairage","status":"publish","type":"page","link":"https:\/\/gnucksquad.com\/en\/home\/location-dequipement-declairage\/","title":{"rendered":"Location d&rsquo;\u00e9quipement d&rsquo;\u00e9clairage"},"content":{"rendered":"<p>La location d&rsquo;\u00e9quipement d&rsquo;\u00e9clairage est une option simple et abordable pour les organisateurs d&rsquo;\u00e9v\u00e9nement, compagnies d&rsquo;\u00e9clairage, photographes et particuliers qui souhaitent bonifier le visuel de leur projet sans pour autant faire concevoir et installer une sc\u00e8ne compl\u00e8te ou faire venir un technicien d&rsquo;\u00e9clairage.<\/p>\n\n\n\n<h2 class=\"wp-block-heading\">Tubes LED<\/h2>\n\n\n\n<p>Nous avons des tubes LEDs en location pour agr\u00e9menter votre d\u00e9cor ou votre spectacle. Nous fournissons un <a href=\"https:\/\/gnucksquad.com\/en\/gnucklite\/\" data-type=\"page\" data-id=\"2459\">contr\u00f4leur simple<\/a> pour leur faire jouer des animations qui r\u00e9agissent ou non au son \u00e0 l&rsquo;aide d&rsquo;un micro. Vous pouvez \u00e9galement les connecter \u00e0 votre console DMX.<\/p>\n\n\n\n<p>Les tubes sont simples \u00e0 installer et peuvent ais\u00e9ment s&rsquo;assembler en structures tridimensionnelles.<\/p>\n\n\n\n<p>Voici quelques exemples d&rsquo;installation de ces tubes par nos clients ou par GnuckSquad:<\/p>\n\n\n\n<figure class=\"wp-block-embed is-type-video is-provider-youtube wp-block-embed-youtube wp-embed-aspect-16-9 wp-has-aspect-ratio\"><div class=\"wp-block-embed__wrapper\">\n<div class=\"nv-iframe-embed\"><iframe title=\"LED Tubes\" width=\"1200\" height=\"675\" data-src=\"https:\/\/www.youtube.com\/embed\/D5NH2gU3ITw?feature=oembed\" frameborder=\"0\" allow=\"accelerometer; autoplay; clipboard-write; encrypted-media; gyroscope; picture-in-picture; web-share\" allowfullscreen src=\"data:image\/svg+xml;base64,PHN2ZyB3aWR0aD0iMSIgaGVpZ2h0PSIxIiB4bWxucz0iaHR0cDovL3d3dy53My5vcmcvMjAwMC9zdmciPjwvc3ZnPg==\" class=\"lazyload\" data-load-mode=\"1\"><\/iframe><\/div>\n<\/div><\/figure>\n\n\n\n<h2 class=\"wp-block-heading\">Parleds et strobes<\/h2>\n\n\n\n<p>Des parleds permettent de faire un \u00e9clairage color\u00e9 qui para\u00eet bien autant sur une sc\u00e8ne qu&rsquo;en d\u00e9cor. Ils peuvent \u00eatre contr\u00f4l\u00e9s en DMX ou utilis\u00e9s en mode automatique. <\/p>\n\n\n\n<p>Les voici aux afterpartys bass d&rsquo;Escapade organis\u00e9s par Audioform au Preston Center \u00e0 Ottawa o\u00f9 ils fournissaient un \u00e9clairage plus doux \u00e0 la salle de repos.<\/p>\n\n\n\n<figure class=\"wp-block-embed is-type-video is-provider-youtube wp-block-embed-youtube wp-embed-aspect-16-9 wp-has-aspect-ratio\"><div class=\"wp-block-embed__wrapper\">\n<div class=\"nv-iframe-embed\"><iframe title=\"Parled lighting (Escapade Basscapade Afterparty 2023)\" width=\"1200\" height=\"675\" data-src=\"https:\/\/www.youtube.com\/embed\/F1cqINrNBx8?feature=oembed\" frameborder=\"0\" allow=\"accelerometer; autoplay; clipboard-write; encrypted-media; gyroscope; picture-in-picture; web-share\" allowfullscreen src=\"data:image\/svg+xml;base64,PHN2ZyB3aWR0aD0iMSIgaGVpZ2h0PSIxIiB4bWxucz0iaHR0cDovL3d3dy53My5vcmcvMjAwMC9zdmciPjwvc3ZnPg==\" class=\"lazyload\" data-load-mode=\"1\"><\/iframe><\/div>\n<\/div><\/figure>\n\n\n\n<div id=\"wp-block-themeisle-blocks-advanced-columns-3f1ac3a1\" class=\"wp-block-themeisle-blocks-advanced-columns has-2-columns has-desktop-equal-layout has-tablet-equal-layout has-mobile-collapsedRows-layout has-vertical-unset\"><div class=\"wp-block-themeisle-blocks-advanced-columns-overlay\"><\/div><div class=\"innerblocks-wrap\">\n<div id=\"wp-block-themeisle-blocks-advanced-column-5aa02b22\" class=\"wp-block-themeisle-blocks-advanced-column\">\n<figure class=\"wp-block-image size-large\"><img decoding=\"async\" width=\"1024\" height=\"577\" data-src=\"https:\/\/gnucksquad.com\/wp-content\/uploads\/2023\/08\/basscapade2-1024x577.jpg\" alt=\"\" class=\"wp-image-1487 lazyload\" data-srcset=\"https:\/\/gnucksquad.com\/wp-content\/uploads\/2023\/08\/basscapade2-1024x577.jpg 1024w, https:\/\/gnucksquad.com\/wp-content\/uploads\/2023\/08\/basscapade2-300x169.jpg 300w, https:\/\/gnucksquad.com\/wp-content\/uploads\/2023\/08\/basscapade2-768x432.jpg 768w, https:\/\/gnucksquad.com\/wp-content\/uploads\/2023\/08\/basscapade2-1536x865.jpg 1536w, https:\/\/gnucksquad.com\/wp-content\/uploads\/2023\/08\/basscapade2-18x10.jpg 18w, https:\/\/gnucksquad.com\/wp-content\/uploads\/2023\/08\/basscapade2.jpg 2000w\" data-sizes=\"(max-width: 1024px) 100vw, 1024px\" src=\"data:image\/svg+xml;base64,PHN2ZyB3aWR0aD0iMSIgaGVpZ2h0PSIxIiB4bWxucz0iaHR0cDovL3d3dy53My5vcmcvMjAwMC9zdmciPjwvc3ZnPg==\" style=\"--smush-placeholder-width: 1024px; --smush-placeholder-aspect-ratio: 1024\/577;\" \/><\/figure>\n<\/div>\n\n\n\n<div id=\"wp-block-themeisle-blocks-advanced-column-6360cbc1\" class=\"wp-block-themeisle-blocks-advanced-column\">\n<figure class=\"wp-block-image size-large\"><img decoding=\"async\" width=\"1024\" height=\"577\" data-src=\"https:\/\/gnucksquad.com\/wp-content\/uploads\/2023\/08\/basscapade-1024x577.jpg\" alt=\"\" class=\"wp-image-1490 lazyload\" data-srcset=\"https:\/\/gnucksquad.com\/wp-content\/uploads\/2023\/08\/basscapade-1024x577.jpg 1024w, https:\/\/gnucksquad.com\/wp-content\/uploads\/2023\/08\/basscapade-300x169.jpg 300w, https:\/\/gnucksquad.com\/wp-content\/uploads\/2023\/08\/basscapade-768x432.jpg 768w, https:\/\/gnucksquad.com\/wp-content\/uploads\/2023\/08\/basscapade-1536x865.jpg 1536w, https:\/\/gnucksquad.com\/wp-content\/uploads\/2023\/08\/basscapade-18x10.jpg 18w, https:\/\/gnucksquad.com\/wp-content\/uploads\/2023\/08\/basscapade.jpg 2000w\" data-sizes=\"(max-width: 1024px) 100vw, 1024px\" src=\"data:image\/svg+xml;base64,PHN2ZyB3aWR0aD0iMSIgaGVpZ2h0PSIxIiB4bWxucz0iaHR0cDovL3d3dy53My5vcmcvMjAwMC9zdmciPjwvc3ZnPg==\" style=\"--smush-placeholder-width: 1024px; --smush-placeholder-aspect-ratio: 1024\/577;\" \/><\/figure>\n<\/div>\n<\/div><\/div>\n\n\n\n<p>Nous avons \u00e9galement des strobes RGB 1000W multi-zones (7&#215;16 zones de 9 LEDs chaque). Ces \u00e9crans tr\u00e8s puissants sont contr\u00f4lables en DMX. <\/p>\n\n\n\n<h2 class=\"wp-block-heading\">\u00c0 venir<\/h2>\n\n\n\n<p>Plus \u00e0 venir sur notre site web! Vous pouvez nous contacter pour plus d&rsquo;options ou de l&rsquo;information sur les prix, ou consulter la page <a href=\"https:\/\/gnucksquad.com\/en\/services\/\" data-type=\"page\" data-id=\"2447\">Services d&rsquo;\u00e9clairage<\/a>.<\/p>\n\n\n\n<p>Par courriel : <a href=\"mailto:gnucksquad@gmail.com\">gnucksquad@gmail.com<\/a><br>Par chat messenger : <a href=\"https:\/\/www.facebook.com\/gnucksquad\" target=\"_blank\" rel=\"noopener\">Facebook Page<\/a><\/p>\n\n\n\n<p><\/p>","protected":false},"excerpt":{"rendered":"<p>La location d&rsquo;\u00e9quipement d&rsquo;\u00e9clairage est une option simple et abordable pour les organisateurs d&rsquo;\u00e9v\u00e9nement, compagnies d&rsquo;\u00e9clairage, photographes et particuliers qui souhaitent bonifier le visuel de leur projet sans pour autant faire concevoir et installer une sc\u00e8ne compl\u00e8te ou faire venir un technicien d&rsquo;\u00e9clairage. Tubes LED Nous avons des tubes LEDs en location pour agr\u00e9menter votre&hellip;&nbsp;<a href=\"https:\/\/gnucksquad.com\/en\/home\/location-dequipement-declairage\/\" class=\"\" rel=\"bookmark\">Read More &raquo;<span class=\"screen-reader-text\">Location d&rsquo;\u00e9quipement d&rsquo;\u00e9clairage<\/span><\/a><\/p>","protected":false},"author":1,"featured_media":1485,"parent":83,"menu_order":0,"comment_status":"closed","ping_status":"closed","template":"","meta":{"neve_meta_sidebar":"","neve_meta_container":"","neve_meta_enable_content_width":"","neve_meta_content_width":0,"neve_meta_title_alignment":"","neve_meta_author_avatar":"","neve_post_elements_order":"","neve_meta_disable_header":"","neve_meta_disable_footer":"","neve_meta_disable_title":"","_themeisle_gutenberg_block_has_review":false,"footnotes":""},"class_list":["post-1484","page","type-page","status-publish","has-post-thumbnail","hentry"],"_links":{"self":[{"href":"https:\/\/gnucksquad.com\/en\/wp-json\/wp\/v2\/pages\/1484","targetHints":{"allow":["GET"]}}],"collection":[{"href":"https:\/\/gnucksquad.com\/en\/wp-json\/wp\/v2\/pages"}],"about":[{"href":"https:\/\/gnucksquad.com\/en\/wp-json\/wp\/v2\/types\/page"}],"author":[{"embeddable":true,"href":"https:\/\/gnucksquad.com\/en\/wp-json\/wp\/v2\/users\/1"}],"replies":[{"embeddable":true,"href":"https:\/\/gnucksquad.com\/en\/wp-json\/wp\/v2\/comments?post=1484"}],"version-history":[{"count":2,"href":"https:\/\/gnucksquad.com\/en\/wp-json\/wp\/v2\/pages\/1484\/revisions"}],"predecessor-version":[{"id":2491,"href":"https:\/\/gnucksquad.com\/en\/wp-json\/wp\/v2\/pages\/1484\/revisions\/2491"}],"up":[{"embeddable":true,"href":"https:\/\/gnucksquad.com\/en\/wp-json\/wp\/v2\/pages\/83"}],"wp:featuredmedia":[{"embeddable":true,"href":"https:\/\/gnucksquad.com\/en\/wp-json\/wp\/v2\/media\/1485"}],"wp:attachment":[{"href":"https:\/\/gnucksquad.com\/en\/wp-json\/wp\/v2\/media?parent=1484"}],"curies":[{"name":"wp","href":"https:\/\/api.w.org\/{rel}","templated":true}]}}